{"id":862,"date":"2014-01-09T21:21:09","date_gmt":"2014-01-09T19:21:09","guid":{"rendered":"http:\/\/www.mau-wuff-blubb.de\/wordpress\/?page_id=862"},"modified":"2014-01-09T21:51:58","modified_gmt":"2014-01-09T19:51:58","slug":"clubsiegerschau-2013","status":"publish","type":"page","link":"https:\/\/www.mau-wuff-blubb.de\/wordpress\/wuff\/hugo\/clubsiegerschau-2013\/","title":{"rendered":"Clubsiegerschau 2013"},"content":{"rendered":"<p>Es gibt Neuigkeiten!<\/p>\n<p align=\"justify\">Am 6.10.2013 war ich auf der Clubsiegerschau vom Berner Sennenhunde Club e.V. So jedenfalls nennt es mein Frauchen. Dort waren ganz viele Kumpels von mir. Jeder wurde begutachtet. Also ich finde das ein bi\u00dfchen affig. So ein zugegeben netter Herr sieht einen von allen Seiten an, alle fummeln an einem rum und schlie\u00dflich soll ich ein wenig mit Frauchen laufen.<\/p>\n<p><a href=\"https:\/\/www.mau-wuff-blubb.de\/wordpress\/wp-content\/uploads\/2013\/05\/Seniorenring.jpg\"><img loading=\"lazy\" decoding=\"async\" alt=\"Seniorenring.jpg\" src=\"https:\/\/www.mau-wuff-blubb.de\/wordpress\/wp-content\/uploads\/2013\/05\/Seniorenring-300x225.jpg\" width=\"300\" height=\"225\" \/><\/a><\/p>\n<p align=\"justify\">Irgendwann ist das \u00fcberstanden und er sagt zu meinem Frauchen, ob er mich nun sch\u00f6n findet oder nicht.<\/p>\n<p><a href=\"https:\/\/www.mau-wuff-blubb.de\/wordpress\/wp-content\/uploads\/2013\/05\/Richterbericht.jpg\"><img loading=\"lazy\" decoding=\"async\" alt=\"Richterbericht.jpg\" src=\"https:\/\/www.mau-wuff-blubb.de\/wordpress\/wp-content\/uploads\/2013\/05\/Richterbericht-209x300.jpg\" width=\"300\" height=\"300\" \/><\/a><\/p>\n<p align=\"justify\">Und was soll ich sagen, danach hat mein Frauchen gestrahlt. Das war es dann wieder wert. Ich freue mich immer, wenn mein Frauchen gl\u00fccklich ist. Aber ganz ehrlich, ein bi\u00dfchen stolz bin ich auch. Ich bin mit meinen fast 9 Jahren sch\u00f6nster R\u00fcde der Schau geworden!<\/p>\n<p><a href=\"https:\/\/www.mau-wuff-blubb.de\/wordpress\/wp-content\/uploads\/2013\/05\/sch\u00f6nster-R\u00fcde.jpg\"><img loading=\"lazy\" decoding=\"async\" alt=\"sch\u00f6nster-R\u00fcde.jpg\" src=\"https:\/\/www.mau-wuff-blubb.de\/wordpress\/wp-content\/uploads\/2013\/05\/sch\u00f6nster-R\u00fcde-300x225.jpg\" width=\"300\" height=\"225\" \/><\/a><\/p>\n<p align=\"justify\">\u00dcbrigens, nicht nur die Fummelei im Ring, ich mu\u00dfte auch noch ein Fotoshooting \u00fcber mich ergehen lassen! Auf dem einen oder anderen Bild sieht man mir ein bi\u00dfchen an, dass ich keine rechte Lust hatte. Aber meinem Frauchen gefallen sie trotzdem super! Schaut <a title=\"Hugo beim Fotografen\" href=\"https:\/\/www.mau-wuff-blubb.de\/wordpress\/wuff\/hugo\/hugo-beim-fotografen\/\">hier <\/a>und urteilt selbst.<\/p>\n","protected":false},"excerpt":{"rendered":"<p>Es gibt Neuigkeiten! Am 6.10.2013 war ich auf der Clubsiegerschau vom Berner Sennenhunde Club e.V. So jedenfalls nennt es mein Frauchen. Dort waren ganz viele Kumpels von mir. Jeder wurde begutachtet. Also ich finde das ein bi\u00dfchen affig. So ein zugegeben netter Herr sieht einen von allen Seiten an, alle fummeln an einem rum und [&hellip;]<\/p>\n","protected":false},"author":2,"featured_media":0,"parent":57,"menu_order":0,"comment_status":"closed","ping_status":"closed","template":"","meta":{"ngg_post_thumbnail":0,"footnotes":""},"_links":{"self":[{"href":"https:\/\/www.mau-wuff-blubb.de\/wordpress\/wp-json\/wp\/v2\/pages\/862"}],"collection":[{"href":"https:\/\/www.mau-wuff-blubb.de\/wordpress\/wp-json\/wp\/v2\/pages"}],"about":[{"href":"https:\/\/www.mau-wuff-blubb.de\/wordpress\/wp-json\/wp\/v2\/types\/page"}],"author":[{"embeddable":true,"href":"https:\/\/www.mau-wuff-blubb.de\/wordpress\/wp-json\/wp\/v2\/users\/2"}],"replies":[{"embeddable":true,"href":"https:\/\/www.mau-wuff-blubb.de\/wordpress\/wp-json\/wp\/v2\/comments?post=862"}],"version-history":[{"count":1,"href":"https:\/\/www.mau-wuff-blubb.de\/wordpress\/wp-json\/wp\/v2\/pages\/862\/revisions"}],"predecessor-version":[{"id":863,"href":"https:\/\/www.mau-wuff-blubb.de\/wordpress\/wp-json\/wp\/v2\/pages\/862\/revisions\/863"}],"up":[{"embeddable":true,"href":"https:\/\/www.mau-wuff-blubb.de\/wordpress\/wp-json\/wp\/v2\/pages\/57"}],"wp:attachment":[{"href":"https:\/\/www.mau-wuff-blubb.de\/wordpress\/wp-json\/wp\/v2\/media?parent=862"}],"curies":[{"name":"wp","href":"https:\/\/api.w.org\/{rel}","templated":true}]}}