{"id":859,"date":"2014-01-09T21:19:43","date_gmt":"2014-01-09T19:19:43","guid":{"rendered":"http:\/\/www.mau-wuff-blubb.de\/wordpress\/?page_id=859"},"modified":"2024-01-24T20:32:35","modified_gmt":"2024-01-24T19:32:35","slug":"hugo-lernt-wagenziehen","status":"publish","type":"page","link":"https:\/\/www.mau-wuff-blubb.de\/wordpress\/wuff\/hugo\/hugo-lernt-wagenziehen\/","title":{"rendered":"Hugo lernt Wagenziehen"},"content":{"rendered":"\n<p><strong>Hugo lernt Wagenziehen<\/strong><\/p>\n\n\n\n<p>Ich finde, jeder Hund soll eine Besch\u00e4ftigung haben. Beim Berner Sennenhund bietet sich das Wagenziehen an. Dies hat er schon auf den Schweizer Almen gemacht. Dort haben die Hunde die Milchkarren gezogen.<\/p>\n\n\n\n<p>Mit ca. 1,5 Jahren darf der Berner, wenn er keine gesundheitlichen Probleme hat, mit dem Wagenziehen beginnen. Am besten ist es, wenn man es nicht selbst versucht, sondern es sich von Fachleuten zeigen l\u00e4sst. Ich bin auf den <a title=\"BSC e.V.\" href=\"http:\/\/www.berner-sennenhunde-club.de\" target=\"_blank\" rel=\"noopener\">BSC e.V.<\/a>&nbsp; gesto\u00dfen. Dort war Eberhard Glorius mein Lehrmeister. Er hatte viel Geduld &#8211; mit Hugo und vor allem mit mir.<\/p>\n\n\n\n<p>Anfang 2006 haben wir angefangen. Hugo war sehr \u00e4ngstlich und ich habe unwissentlich seine Angst noch best\u00e4rkt. Doch nachdem ich von Eberhard freundlich aber bestimmt zuurechtger\u00fcckt wurde, ging es pl\u00f6tzlich. Der Bann war gebrochen und Hugo wurde zu einem der zuverl\u00e4ssigsten Zughunde im Verein.<\/p>\n\n\n\n<p>Wir haben mit dem Bollerwagen angefangen. Sp\u00e4ter hatte der Verein dann eine Kutsche, mit der wir auf Stra\u00dfenfesten, auf Weihnachtsm\u00e4rkten, auf einer Kinderkommunion und sogar auf Hochzeiten gezogen haben.<\/p>\n\n\n\n<p>Privat haben wir uns auch ein Sacco gekauft. Das Fahren mit Sacco ist nicht mit dem Fahren mit Schlittenhunden zu vergleichen. Der Berner liebt es viel gem\u00fctlicher und schreitet eher, als dass er rennt. Aber genau diese Art macht ihn f\u00fcr mich so liebenswert.<\/p>\n\n\n\n<p>Als Hugo 6 Jahre alt war, sind wir umgezogen und hatten dementsprechend wenig Zeit f\u00fcr Training. Danach machte sich auch die Arthrose bei ihm bemerkbar. Seitdem ist er Rentner.<\/p>\n\n\n\n<figure class=\"wp-block-image aligncenter size-large\"><img loading=\"lazy\" decoding=\"async\" width=\"768\" height=\"1024\" src=\"https:\/\/www.mau-wuff-blubb.de\/wordpress\/wp-content\/uploads\/2014\/01\/hugo_wagenziehen_22-768x1024.jpg\" alt=\"Hier durften wir Kommunionskinder von der Kirche abholen.\" class=\"wp-image-791\" srcset=\"https:\/\/www.mau-wuff-blubb.de\/wordpress\/wp-content\/uploads\/2014\/01\/hugo_wagenziehen_22-768x1024.jpg 768w, https:\/\/www.mau-wuff-blubb.de\/wordpress\/wp-content\/uploads\/2014\/01\/hugo_wagenziehen_22-225x300.jpg 225w, https:\/\/www.mau-wuff-blubb.de\/wordpress\/wp-content\/uploads\/2014\/01\/hugo_wagenziehen_22.jpg 1000w\" sizes=\"(max-width: 768px) 100vw, 768px\" \/><figcaption class=\"wp-element-caption\">Hier durften wir Kommunionskinder von der Kirche abholen.<\/figcaption><\/figure>\n","protected":false},"excerpt":{"rendered":"<p>Hugo lernt Wagenziehen Ich finde, jeder Hund soll eine Besch\u00e4ftigung haben. Beim Berner Sennenhund bietet sich das Wagenziehen an. Dies hat er schon auf den Schweizer Almen gemacht. Dort haben die Hunde die Milchkarren gezogen. Mit ca. 1,5 Jahren darf der Berner, wenn er keine gesundheitlichen Probleme hat, mit dem Wagenziehen beginnen. Am besten ist [&hellip;]<\/p>\n","protected":false},"author":2,"featured_media":876,"parent":57,"menu_order":0,"comment_status":"closed","ping_status":"closed","template":"wp-custom-template-monika","meta":{"ngg_post_thumbnail":0,"footnotes":""},"_links":{"self":[{"href":"https:\/\/www.mau-wuff-blubb.de\/wordpress\/wp-json\/wp\/v2\/pages\/859"}],"collection":[{"href":"https:\/\/www.mau-wuff-blubb.de\/wordpress\/wp-json\/wp\/v2\/pages"}],"about":[{"href":"https:\/\/www.mau-wuff-blubb.de\/wordpress\/wp-json\/wp\/v2\/types\/page"}],"author":[{"embeddable":true,"href":"https:\/\/www.mau-wuff-blubb.de\/wordpress\/wp-json\/wp\/v2\/users\/2"}],"replies":[{"embeddable":true,"href":"https:\/\/www.mau-wuff-blubb.de\/wordpress\/wp-json\/wp\/v2\/comments?post=859"}],"version-history":[{"count":7,"href":"https:\/\/www.mau-wuff-blubb.de\/wordpress\/wp-json\/wp\/v2\/pages\/859\/revisions"}],"predecessor-version":[{"id":1620,"href":"https:\/\/www.mau-wuff-blubb.de\/wordpress\/wp-json\/wp\/v2\/pages\/859\/revisions\/1620"}],"up":[{"embeddable":true,"href":"https:\/\/www.mau-wuff-blubb.de\/wordpress\/wp-json\/wp\/v2\/pages\/57"}],"wp:featuredmedia":[{"embeddable":true,"href":"https:\/\/www.mau-wuff-blubb.de\/wordpress\/wp-json\/wp\/v2\/media\/876"}],"wp:attachment":[{"href":"https:\/\/www.mau-wuff-blubb.de\/wordpress\/wp-json\/wp\/v2\/media?parent=859"}],"curies":[{"name":"wp","href":"https:\/\/api.w.org\/{rel}","templated":true}]}}