{"id":566,"date":"2014-01-01T16:39:55","date_gmt":"2014-01-01T14:39:55","guid":{"rendered":"http:\/\/www.mau-wuff-blubb.de\/wordpress\/?page_id=566"},"modified":"2024-01-15T22:38:53","modified_gmt":"2024-01-15T21:38:53","slug":"start","status":"publish","type":"page","link":"https:\/\/www.mau-wuff-blubb.de\/wordpress\/","title":{"rendered":"Start"},"content":{"rendered":"\n<p><strong>Hallo liebe Leser,<\/strong><\/p>\n\n\n\n<p>es freut uns, dass ihr unsere Seite gefunden habt. Wir sind Ralf und Monika und wohnen im sch\u00f6nen Ort Dornbusch am Niederrhein. Dort haben wir uns unseren Traum vom &#8222;Kleintierzoo&#8220; erf\u00fcllt. Auf diesen Seiten m\u00f6chten wir euch das eine oder andere dar\u00fcber erz\u00e4hlen.<\/p>\n\n\n\n<p>Wenn von &#8222;ich&#8220; die Rede ist, dann bezieht sich das auf den weiblichen Teil des Duos, welches f\u00fcr die Homepage zust\u00e4ndig ist. Das eine oder andere erz\u00e4hlen auch unsere Fellnasen selbst. Ich denke, jeder kann ganz schnell erkennen, wer hier gerade redet.<\/p>\n\n\n\n<p>Die Seite l\u00f6st \u00fcbrigens <a title=\"hugosfreunde\" href=\"http:\/\/www.hugosfreunde.de\" target=\"_blank\" rel=\"noopener\">Hugosfreunde<\/a> ab. Diese bleibt nur noch aus nostalgischen Gr\u00fcnden bestehen und wird nicht mehr aktualisiert.<\/p>\n\n\n\n<p>&#8222;Mau-wuff-blubb&#8220; ist das Motto unserer Seite. Dies haben wir uns ausgesucht, weil es kurz und knackig unsere Mitbewohner beschreibt. Und auch, weil die Seite einfach nur Spa\u00df machen soll.<\/p>\n\n\n\n<p>Als wir hier eingezogen sind, war unser Haus voller. Da waren Minka, Balu, Felix und Firefox. Unser stolzer Kater Lucky ist leider viel zu fr\u00fch bei einem seiner Beutez\u00fcge \u00fcberfahren worden. Die anderen mussten inzwischen wohl auch gehen, waren aber ziemlich lange bei uns, so dass wir immer noch viel von ihnen erz\u00e4hlen k\u00f6nnen.<\/p>\n\n\n\n<p>Wir sind ihnen jeden Tag dankbar, dass sie uns auch im Haus wohnen lassen. Aber wenn wir ihnen weiter stets zu Diensten sind, dann d\u00fcrfen wir das sicher auch noch etwas l\u00e4nger. <\/p>\n\n\n\n<figure class=\"wp-block-gallery has-nested-images columns-3 is-cropped wp-block-gallery-1 is-layout-flex wp-block-gallery-is-layout-flex\">\n<figure class=\"wp-block-image size-large\"><a href=\"https:\/\/www.mau-wuff-blubb.de\/wordpress\/mau\/minka\/\"><img loading=\"lazy\" decoding=\"async\" width=\"1024\" height=\"768\" data-id=\"590\" src=\"https:\/\/www.mau-wuff-blubb.de\/wordpress\/wp-content\/uploads\/2014\/01\/Minka-1024x768.jpg\" alt=\"Am liebsten mag ich das Wasser ganz frisch.\" class=\"wp-image-590\" srcset=\"https:\/\/www.mau-wuff-blubb.de\/wordpress\/wp-content\/uploads\/2014\/01\/Minka-1024x768.jpg 1024w, https:\/\/www.mau-wuff-blubb.de\/wordpress\/wp-content\/uploads\/2014\/01\/Minka-300x225.jpg 300w, https:\/\/www.mau-wuff-blubb.de\/wordpress\/wp-content\/uploads\/2014\/01\/Minka.jpg 1200w\" sizes=\"(max-width: 1024px) 100vw, 1024px\" \/><\/a><figcaption class=\"wp-element-caption\">Minka<\/figcaption><\/figure>\n\n\n\n<figure class=\"wp-block-image size-large\"><a href=\"https:\/\/www.mau-wuff-blubb.de\/wordpress\/mau\/lucky\/\"><img loading=\"lazy\" decoding=\"async\" width=\"768\" height=\"1024\" data-id=\"592\" src=\"https:\/\/www.mau-wuff-blubb.de\/wordpress\/wp-content\/uploads\/2014\/01\/Lucky-768x1024.jpg\" alt=\"Ein stolzer Kater.\" class=\"wp-image-592\" srcset=\"https:\/\/www.mau-wuff-blubb.de\/wordpress\/wp-content\/uploads\/2014\/01\/Lucky-768x1024.jpg 768w, https:\/\/www.mau-wuff-blubb.de\/wordpress\/wp-content\/uploads\/2014\/01\/Lucky-225x300.jpg 225w, https:\/\/www.mau-wuff-blubb.de\/wordpress\/wp-content\/uploads\/2014\/01\/Lucky.jpg 900w\" sizes=\"(max-width: 768px) 100vw, 768px\" \/><\/a><figcaption class=\"wp-element-caption\">Lucky<\/figcaption><\/figure>\n\n\n\n<figure class=\"wp-block-image size-large\"><a href=\"https:\/\/www.mau-wuff-blubb.de\/wordpress\/mau\/balu\/\"><img loading=\"lazy\" decoding=\"async\" width=\"1024\" height=\"768\" data-id=\"586\" src=\"https:\/\/www.mau-wuff-blubb.de\/wordpress\/wp-content\/uploads\/2014\/01\/Balu-1024x768.jpg\" alt=\"Jetzt komm ich!\" class=\"wp-image-586\" srcset=\"https:\/\/www.mau-wuff-blubb.de\/wordpress\/wp-content\/uploads\/2014\/01\/Balu-1024x768.jpg 1024w, https:\/\/www.mau-wuff-blubb.de\/wordpress\/wp-content\/uploads\/2014\/01\/Balu-300x225.jpg 300w, https:\/\/www.mau-wuff-blubb.de\/wordpress\/wp-content\/uploads\/2014\/01\/Balu.jpg 1200w\" sizes=\"(max-width: 1024px) 100vw, 1024px\" \/><\/a><figcaption class=\"wp-element-caption\">Balu<\/figcaption><\/figure>\n\n\n\n<figure class=\"wp-block-image size-large\"><a href=\"https:\/\/www.mau-wuff-blubb.de\/wordpress\/mau\/firefox\/\"><img loading=\"lazy\" decoding=\"async\" width=\"1024\" height=\"768\" data-id=\"540\" src=\"https:\/\/www.mau-wuff-blubb.de\/wordpress\/wp-content\/uploads\/2013\/12\/firefox_38-1024x768.jpg\" alt=\"Das Leben macht Spa\u00df!\" class=\"wp-image-540\" srcset=\"https:\/\/www.mau-wuff-blubb.de\/wordpress\/wp-content\/uploads\/2013\/12\/firefox_38-1024x768.jpg 1024w, https:\/\/www.mau-wuff-blubb.de\/wordpress\/wp-content\/uploads\/2013\/12\/firefox_38-300x225.jpg 300w, https:\/\/www.mau-wuff-blubb.de\/wordpress\/wp-content\/uploads\/2013\/12\/firefox_38.jpg 1200w\" sizes=\"(max-width: 1024px) 100vw, 1024px\" \/><\/a><figcaption class=\"wp-element-caption\">Firefox<\/figcaption><\/figure>\n\n\n\n<figure class=\"wp-block-image size-large\"><a href=\"https:\/\/www.mau-wuff-blubb.de\/wordpress\/mau\/felix\/\"><img loading=\"lazy\" decoding=\"async\" width=\"1024\" height=\"768\" data-id=\"588\" src=\"https:\/\/www.mau-wuff-blubb.de\/wordpress\/wp-content\/uploads\/2014\/01\/Felix-1024x768.jpg\" alt=\"Kuckuck\" class=\"wp-image-588\" srcset=\"https:\/\/www.mau-wuff-blubb.de\/wordpress\/wp-content\/uploads\/2014\/01\/Felix-1024x768.jpg 1024w, https:\/\/www.mau-wuff-blubb.de\/wordpress\/wp-content\/uploads\/2014\/01\/Felix-300x225.jpg 300w, https:\/\/www.mau-wuff-blubb.de\/wordpress\/wp-content\/uploads\/2014\/01\/Felix.jpg 1200w\" sizes=\"(max-width: 1024px) 100vw, 1024px\" \/><\/a><figcaption class=\"wp-element-caption\">Felix<\/figcaption><\/figure>\n<\/figure>\n\n\n\n<p><\/p>\n\n\n\n<p class=\"has-text-align-center\">Aktuell hei\u00dft unsere Herrschaft Hermine, wie die schlaue Hexe aus Harry Potter. <\/p>\n\n\n\n<figure class=\"wp-block-image aligncenter size-large\"><a href=\"https:\/\/www.mau-wuff-blubb.de\/wordpress\/wp-content\/uploads\/2023\/08\/Hermine-1-von-1.png\"><img loading=\"lazy\" decoding=\"async\" width=\"1024\" height=\"683\" src=\"https:\/\/www.mau-wuff-blubb.de\/wordpress\/wp-content\/uploads\/2023\/08\/Hermine-1-von-1-1024x683.png\" alt=\"Hermine\" class=\"wp-image-1516\" srcset=\"https:\/\/www.mau-wuff-blubb.de\/wordpress\/wp-content\/uploads\/2023\/08\/Hermine-1-von-1-1024x683.png 1024w, https:\/\/www.mau-wuff-blubb.de\/wordpress\/wp-content\/uploads\/2023\/08\/Hermine-1-von-1-300x200.png 300w, https:\/\/www.mau-wuff-blubb.de\/wordpress\/wp-content\/uploads\/2023\/08\/Hermine-1-von-1-768x512.png 768w, https:\/\/www.mau-wuff-blubb.de\/wordpress\/wp-content\/uploads\/2023\/08\/Hermine-1-von-1.png 1200w\" sizes=\"(max-width: 1024px) 100vw, 1024px\" \/><\/a><\/figure>\n\n\n\n<p class=\"has-text-align-center\"><strong>Alles h\u00f6rt auf mein Kommando!<\/strong><\/p>\n\n\n\n<p class=\"has-text-align-center\">Unser da ist noch Pudel Einstein. Auch er wei\u00df, dass es besser ist, Hermine den n\u00f6tigen Respekt zu erweisen.<\/p>\n\n\n\n<figure class=\"wp-block-image aligncenter size-large\"><a href=\"https:\/\/www.mau-wuff-blubb.de\/wordpress\/wuff\/einstein\/\"><img loading=\"lazy\" decoding=\"async\" width=\"1024\" height=\"683\" src=\"https:\/\/www.mau-wuff-blubb.de\/wordpress\/wp-content\/uploads\/2023\/08\/Einstein-1-von-1-1024x683.png\" alt=\"Einstein l\u00e4uft zu mir.\" class=\"wp-image-1517\" srcset=\"https:\/\/www.mau-wuff-blubb.de\/wordpress\/wp-content\/uploads\/2023\/08\/Einstein-1-von-1-1024x683.png 1024w, https:\/\/www.mau-wuff-blubb.de\/wordpress\/wp-content\/uploads\/2023\/08\/Einstein-1-von-1-300x200.png 300w, https:\/\/www.mau-wuff-blubb.de\/wordpress\/wp-content\/uploads\/2023\/08\/Einstein-1-von-1-768x512.png 768w, https:\/\/www.mau-wuff-blubb.de\/wordpress\/wp-content\/uploads\/2023\/08\/Einstein-1-von-1.png 1200w\" sizes=\"(max-width: 1024px) 100vw, 1024px\" \/><\/a><figcaption class=\"wp-element-caption\">Yippee!<\/figcaption><\/figure>\n\n\n\n<p>Aber was w\u00e4re unsere Seite ohne unseren Hugo. Wir beide waren immer ein Herz und eine Seele und es ist mir schwer gefallen, ihn gehen zu lassen. Aber er ist immerhin 12 1\/2 Jahre alt geworden und das ist doch schon was f\u00fcr einen Berner Sennenhund.<\/p>\n\n\n\n<figure class=\"wp-block-gallery has-nested-images columns-3 is-cropped wp-block-gallery-2 is-layout-flex wp-block-gallery-is-layout-flex\">\n<figure class=\"wp-block-image size-large\"><a href=\"https:\/\/www.mau-wuff-blubb.de\/wordpress\/wuff\/hugo\/\"><img loading=\"lazy\" decoding=\"async\" width=\"1024\" height=\"877\" data-id=\"597\" src=\"https:\/\/www.mau-wuff-blubb.de\/wordpress\/wp-content\/uploads\/2014\/01\/Hugo-1024x877.jpg\" alt=\"Hugo und Monika\" class=\"wp-image-597\" srcset=\"https:\/\/www.mau-wuff-blubb.de\/wordpress\/wp-content\/uploads\/2014\/01\/Hugo-1024x877.jpg 1024w, https:\/\/www.mau-wuff-blubb.de\/wordpress\/wp-content\/uploads\/2014\/01\/Hugo-300x257.jpg 300w, https:\/\/www.mau-wuff-blubb.de\/wordpress\/wp-content\/uploads\/2014\/01\/Hugo.jpg 1200w\" sizes=\"(max-width: 1024px) 100vw, 1024px\" \/><\/a><\/figure>\n<\/figure>\n\n\n\n<p>Irgendwie m\u00fcssen wir unter Langeweile gelitten haben. Jedenfalls sind wir Ende 2011 auf die Idee gekommen, uns ein Aquarium anzuschaffen. Und wie das so ist, erst war es eins, dann zwischenzeitlich mal vier und jetzt sind wir bei zwei angelangt. Auch davon zeigen wir hier ein paar Impressionen.<\/p>\n\n\n\n<figure class=\"wp-block-gallery has-nested-images columns-3 is-cropped wp-block-gallery-3 is-layout-flex wp-block-gallery-is-layout-flex\">\n<figure class=\"wp-block-image size-large\"><img loading=\"lazy\" decoding=\"async\" width=\"1024\" height=\"405\" data-id=\"599\" src=\"https:\/\/www.mau-wuff-blubb.de\/wordpress\/wp-content\/uploads\/2014\/01\/54-Liter-1024x405.jpg\" alt=\"Hier wohnen Babaulti Garnelen\" class=\"wp-image-599\" srcset=\"https:\/\/www.mau-wuff-blubb.de\/wordpress\/wp-content\/uploads\/2014\/01\/54-Liter-1024x405.jpg 1024w, https:\/\/www.mau-wuff-blubb.de\/wordpress\/wp-content\/uploads\/2014\/01\/54-Liter-300x118.jpg 300w, https:\/\/www.mau-wuff-blubb.de\/wordpress\/wp-content\/uploads\/2014\/01\/54-Liter.jpg 1200w\" sizes=\"(max-width: 1024px) 100vw, 1024px\" \/><\/figure>\n\n\n\n<figure class=\"wp-block-image size-large\"><img loading=\"lazy\" decoding=\"async\" width=\"1024\" height=\"682\" data-id=\"600\" src=\"https:\/\/www.mau-wuff-blubb.de\/wordpress\/wp-content\/uploads\/2014\/01\/60-Liter-1024x682.jpg\" alt=\"Red Fire\" class=\"wp-image-600\" srcset=\"https:\/\/www.mau-wuff-blubb.de\/wordpress\/wp-content\/uploads\/2014\/01\/60-Liter-1024x682.jpg 1024w, https:\/\/www.mau-wuff-blubb.de\/wordpress\/wp-content\/uploads\/2014\/01\/60-Liter-300x200.jpg 300w, https:\/\/www.mau-wuff-blubb.de\/wordpress\/wp-content\/uploads\/2014\/01\/60-Liter.jpg 1200w\" sizes=\"(max-width: 1024px) 100vw, 1024px\" \/><\/figure>\n\n\n\n<figure class=\"wp-block-image size-large\"><img loading=\"lazy\" decoding=\"async\" width=\"1024\" height=\"682\" data-id=\"601\" src=\"https:\/\/www.mau-wuff-blubb.de\/wordpress\/wp-content\/uploads\/2014\/01\/670-Liter-1024x682.jpg\" alt=\"Das gr\u00f6\u00dfte Becken\" class=\"wp-image-601\" srcset=\"https:\/\/www.mau-wuff-blubb.de\/wordpress\/wp-content\/uploads\/2014\/01\/670-Liter-1024x682.jpg 1024w, https:\/\/www.mau-wuff-blubb.de\/wordpress\/wp-content\/uploads\/2014\/01\/670-Liter-300x200.jpg 300w, https:\/\/www.mau-wuff-blubb.de\/wordpress\/wp-content\/uploads\/2014\/01\/670-Liter.jpg 1200w\" sizes=\"(max-width: 1024px) 100vw, 1024px\" \/><\/figure>\n\n\n\n<figure class=\"wp-block-image size-large\"><img loading=\"lazy\" decoding=\"async\" width=\"1024\" height=\"682\" data-id=\"602\" src=\"https:\/\/www.mau-wuff-blubb.de\/wordpress\/wp-content\/uploads\/2014\/01\/200-Liter-1024x682.jpg\" alt=\"Unser erstes Becken.\" class=\"wp-image-602\" srcset=\"https:\/\/www.mau-wuff-blubb.de\/wordpress\/wp-content\/uploads\/2014\/01\/200-Liter-1024x682.jpg 1024w, https:\/\/www.mau-wuff-blubb.de\/wordpress\/wp-content\/uploads\/2014\/01\/200-Liter-300x200.jpg 300w, https:\/\/www.mau-wuff-blubb.de\/wordpress\/wp-content\/uploads\/2014\/01\/200-Liter.jpg 1200w\" sizes=\"(max-width: 1024px) 100vw, 1024px\" \/><\/figure>\n<\/figure>\n","protected":false},"excerpt":{"rendered":"<p>Hallo liebe Leser, es freut uns, dass ihr unsere Seite gefunden habt. Wir sind Ralf und Monika und wohnen im sch\u00f6nen Ort Dornbusch am Niederrhein. Dort haben wir uns unseren Traum vom &#8222;Kleintierzoo&#8220; erf\u00fcllt. Auf diesen Seiten m\u00f6chten wir euch das eine oder andere dar\u00fcber erz\u00e4hlen. Wenn von &#8222;ich&#8220; die Rede ist, dann bezieht sich [&hellip;]<\/p>\n","protected":false},"author":2,"featured_media":1760,"parent":0,"menu_order":0,"comment_status":"closed","ping_status":"closed","template":"wp-custom-template-monika","meta":{"ngg_post_thumbnail":0,"footnotes":""},"_links":{"self":[{"href":"https:\/\/www.mau-wuff-blubb.de\/wordpress\/wp-json\/wp\/v2\/pages\/566"}],"collection":[{"href":"https:\/\/www.mau-wuff-blubb.de\/wordpress\/wp-json\/wp\/v2\/pages"}],"about":[{"href":"https:\/\/www.mau-wuff-blubb.de\/wordpress\/wp-json\/wp\/v2\/types\/page"}],"author":[{"embeddable":true,"href":"https:\/\/www.mau-wuff-blubb.de\/wordpress\/wp-json\/wp\/v2\/users\/2"}],"replies":[{"embeddable":true,"href":"https:\/\/www.mau-wuff-blubb.de\/wordpress\/wp-json\/wp\/v2\/comments?post=566"}],"version-history":[{"count":27,"href":"https:\/\/www.mau-wuff-blubb.de\/wordpress\/wp-json\/wp\/v2\/pages\/566\/revisions"}],"predecessor-version":[{"id":1578,"href":"https:\/\/www.mau-wuff-blubb.de\/wordpress\/wp-json\/wp\/v2\/pages\/566\/revisions\/1578"}],"wp:featuredmedia":[{"embeddable":true,"href":"https:\/\/www.mau-wuff-blubb.de\/wordpress\/wp-json\/wp\/v2\/media\/1760"}],"wp:attachment":[{"href":"https:\/\/www.mau-wuff-blubb.de\/wordpress\/wp-json\/wp\/v2\/media?parent=566"}],"curies":[{"name":"wp","href":"https:\/\/api.w.org\/{rel}","templated":true}]}}