{"id":48,"date":"2013-05-27T22:31:20","date_gmt":"2013-05-27T20:31:20","guid":{"rendered":"http:\/\/www.mau-wuff-blubb.de\/wordpress\/?page_id=48"},"modified":"2023-08-19T23:10:39","modified_gmt":"2023-08-19T21:10:39","slug":"felix","status":"publish","type":"page","link":"https:\/\/www.mau-wuff-blubb.de\/wordpress\/mau\/felix\/","title":{"rendered":"Felix"},"content":{"rendered":"<p><strong>Hallo, ich bin Felix<\/strong><\/p>\n<p>Man nennt mich hier den Streuner!<\/p>\n<p><a href=\"https:\/\/www.mau-wuff-blubb.de\/wordpress\/wp-content\/uploads\/2013\/05\/Felix.jpg\"><img loading=\"lazy\" decoding=\"async\" class=\"alignnone wp-image-49 size-full\" src=\"https:\/\/www.mau-wuff-blubb.de\/wordpress\/wp-content\/uploads\/2013\/05\/Felix.jpg\" alt=\"Felix\" width=\"800\" height=\"533\" srcset=\"https:\/\/www.mau-wuff-blubb.de\/wordpress\/wp-content\/uploads\/2013\/05\/Felix.jpg 800w, https:\/\/www.mau-wuff-blubb.de\/wordpress\/wp-content\/uploads\/2013\/05\/Felix-300x199.jpg 300w, https:\/\/www.mau-wuff-blubb.de\/wordpress\/wp-content\/uploads\/2013\/05\/Felix-450x300.jpg 450w\" sizes=\"(max-width: 800px) 100vw, 800px\" \/><\/a><\/p>\n<p align=\"justify\">Das h\u00f6rt sich erst mal nicht nett an. Aber ich erz\u00e4hl euch mal, wie ich zu meinem Namen gekommen bin:<\/p>\n<p align=\"justify\">Als ich so ein Jahr alt war, war ich ganz allein auf mich gestellt. Ich bin so durch die G\u00e4rten gestromert und hab mich durchgeschlagen. Aber ich war eigentlich ein warmes Pl\u00e4tzchen gewohnt. Daher habe ich Anschluss gesucht. Ich bin dahin gegangen, wo ich Futter gefunden habe. Das Jagen war schon sehr m\u00fchsam. Ein Garten war eingez\u00e4unt, so dass ich dort nicht reinkam. Aber am Zaun waren immer einige Katzen, mit denen ich mich unterhalten habe.<\/p>\n<p align=\"justify\">So ging das eine lange Zeit. Die Menschen sagen, das war so ein halbes Jahr. Man sah mir nach einiger Zeit schon an, dass sich keiner mehr um mich gek\u00fcmmert hat. Daher hat man versucht, mich zu fangen. Aber daf\u00fcr war ich dann doch zu schlau. Wer wei\u00df, was die wohl mit mir vorhatten?!<\/p>\n<p align=\"justify\">Die Leute mit dem Zaun um den Garten haben dann andere Leute angerufen, die sich um einsame Kater wie mich k\u00fcmmern. Und dann haben sie es doch glatt geschafft &#8211; als mein Hunger mal wieder besonders gro\u00df war &#8211; da wollte ich etwas Futter vor der T\u00fcr nehmen &#8211; und platsch &#8211; da ging die T\u00fcr zu und ich sa\u00df in der Falle!<\/p>\n<p align=\"justify\">Am n\u00e4chsten Morgen haben sie dann als erstes nach dem Aufstehen nach der Falle gesehen und ich sa\u00df dort ganz ruhig. Es hat mir ja niemand was getan und Futter hatte ich auch erst mal. Ja und dann ging&#8217;s ab zum Tierarzt. Der hat \u00fcberall nachgeschaut. Aber nirgends hatten mich meine bisherigen Leute gekennzeichnet. Da sagt der doch glatt: &#8222;Den vermisst keiner.&#8220; Also das hat schon ganz sch\u00f6n weh getan, aber es war wohl die Wahrheit.<\/p>\n<p align=\"justify\">Nun erst einmal wurde ich ganz ruhig und dann hat man mich kastriert. Bei der Gelegenheit bekam ich auch einen Chip, so dass ich nie wieder verloren gehen kann.<\/p>\n<p align=\"justify\">Also die Menschen haben mich anschlie\u00dfend mit nach Hause genommen und mich erst einmal in ein Zimmer im Keller einquartiert. Das war sch\u00f6n! Da hatte ich meine Ruhe und bekam zu fressen, so viel ich eben wollte. Auch meine l\u00e4stigen Plagegeister bin ich dort los geworden. Einmal habe ich allerdings die Frau gebissen. Sie wollte mit mir spielen, aber ich war doch so v\u00f6llig durch den Wind &#8211; Ich wollte nur meine Ruhe. Da konnte ich gar nicht anders. Ich musste ihr doch irgendwie begreiflich machen, dass das alles im Moment viel zu viel f\u00fcr mich war.<\/p>\n<p align=\"justify\">Gl\u00fccklicherweise hat sie das verstanden und mir nichts \u00fcbel genommen. Sie hat dann zusammen mit Ihrem Partner \u00fcberlegt, ob es nun wirklich einen Unterschied macht, ob sie drei oder vier Katzen haben. Also haben sie es versucht. Ich durfte nach oben! Das war ganz sch\u00f6n anstrengend. Da war so ein richtig dicker Kater, der mich erst mal begutachtet hat. Nach einer langen Zeit (soll so eine Stunde gewesen sein) bin ich freiwillig wieder in den Keller. Da war ich erst mal sicher. Aber in den n\u00e4chsten Tagen ging das immer besser und ich durfte endg\u00fcltig bleiben.<\/p>\n<p>Wenn meine Dosen\u00f6ffner sich setzen, bin ich ganz schnell da und kuschele mich bei ihnen ein. \u00dcbrigens, als meinen ersten Geburtstag haben wir den 21.08.2007 ausgesucht, der Tag, an dem ich angekommen bin.<\/p>\n<p>Felix hatte immer schon an sehr schlechte Augen. Irgendwann mussten wir leider sogar ein Auge entfernen lassen. Aber das hat ihn nicht gest\u00f6rt. er ist immer noch gesprungen und auch da angekommen, wo er hinwollte. Gestorben ist er letztlich an seinem lebenslangem Zahnschwund. Aus der zuletzt notwendigen OP ist er nicht mehr aufgewacht.<\/p>\n","protected":false},"excerpt":{"rendered":"<p>Hallo, ich bin Felix Man nennt mich hier den Streuner! Das h\u00f6rt sich erst mal nicht nett an. Aber ich erz\u00e4hl euch mal, wie ich zu meinem Namen gekommen bin: Als ich so ein Jahr alt war, war ich ganz allein auf mich gestellt. Ich bin so durch die G\u00e4rten gestromert und hab mich durchgeschlagen. [&hellip;]<\/p>\n","protected":false},"author":2,"featured_media":0,"parent":21,"menu_order":0,"comment_status":"closed","ping_status":"closed","template":"","meta":{"ngg_post_thumbnail":0,"footnotes":""},"_links":{"self":[{"href":"https:\/\/www.mau-wuff-blubb.de\/wordpress\/wp-json\/wp\/v2\/pages\/48"}],"collection":[{"href":"https:\/\/www.mau-wuff-blubb.de\/wordpress\/wp-json\/wp\/v2\/pages"}],"about":[{"href":"https:\/\/www.mau-wuff-blubb.de\/wordpress\/wp-json\/wp\/v2\/types\/page"}],"author":[{"embeddable":true,"href":"https:\/\/www.mau-wuff-blubb.de\/wordpress\/wp-json\/wp\/v2\/users\/2"}],"replies":[{"embeddable":true,"href":"https:\/\/www.mau-wuff-blubb.de\/wordpress\/wp-json\/wp\/v2\/comments?post=48"}],"version-history":[{"count":7,"href":"https:\/\/www.mau-wuff-blubb.de\/wordpress\/wp-json\/wp\/v2\/pages\/48\/revisions"}],"predecessor-version":[{"id":1535,"href":"https:\/\/www.mau-wuff-blubb.de\/wordpress\/wp-json\/wp\/v2\/pages\/48\/revisions\/1535"}],"up":[{"embeddable":true,"href":"https:\/\/www.mau-wuff-blubb.de\/wordpress\/wp-json\/wp\/v2\/pages\/21"}],"wp:attachment":[{"href":"https:\/\/www.mau-wuff-blubb.de\/wordpress\/wp-json\/wp\/v2\/media?parent=48"}],"curies":[{"name":"wp","href":"https:\/\/api.w.org\/{rel}","templated":true}]}}