{"id":41,"date":"2013-05-27T22:28:14","date_gmt":"2013-05-27T20:28:14","guid":{"rendered":"http:\/\/www.mau-wuff-blubb.de\/wordpress\/?page_id=41"},"modified":"2024-01-24T20:41:35","modified_gmt":"2024-01-24T19:41:35","slug":"balu","status":"publish","type":"page","link":"https:\/\/www.mau-wuff-blubb.de\/wordpress\/mau\/balu\/","title":{"rendered":"Balu"},"content":{"rendered":"\n<p class=\"has-text-align-center\"><strong>Hallo, ich bin Balu<\/strong><\/p>\n\n\n\n<p class=\"has-text-align-center\">Man nennt mich auch den Dicken &#8211; wie die wohl alle darauf kommen&#8230;<\/p>\n\n\n\n<figure class=\"wp-block-image aligncenter\"><a href=\"https:\/\/www.mau-wuff-blubb.de\/wordpress\/wp-content\/uploads\/2013\/05\/Balu.jpg\"><img loading=\"lazy\" decoding=\"async\" width=\"800\" height=\"600\" src=\"https:\/\/www.mau-wuff-blubb.de\/wordpress\/wp-content\/uploads\/2013\/05\/Balu.jpg\" alt=\"Balu\" class=\"wp-image-42\" srcset=\"https:\/\/www.mau-wuff-blubb.de\/wordpress\/wp-content\/uploads\/2013\/05\/Balu.jpg 800w, https:\/\/www.mau-wuff-blubb.de\/wordpress\/wp-content\/uploads\/2013\/05\/Balu-300x225.jpg 300w, https:\/\/www.mau-wuff-blubb.de\/wordpress\/wp-content\/uploads\/2013\/05\/Balu-400x300.jpg 400w\" sizes=\"(max-width: 800px) 100vw, 800px\" \/><\/a><\/figure>\n\n\n\n<p>Ich bin am 03.06.2005 geboren. Mein Dosen\u00f6ffner wollte schon immer so einen wie mich, also einen British Kurzhaar-Kater. Meine Dosine hatte sich im Internet einen ausgesucht. Sie fand meinen Bruder &#8211; in blau &#8211; so toll. Aber dann haben sie uns besucht. Und da sie mir gefallen haben, bin ich gleich zu ihr hin und habe an ihren Schn\u00fcrsenkeln geknabbert. Ich war kein bi\u00dfchen \u00e4ngstlich und sie konnten mich gerne auf ihren Scho\u00df nehmen. Sofort habe ich dabei angefangen zu schnurren. Und ihr glaubt es nicht. Sie meinte schlie\u00dflich: &#8222;Schei.. auf die Farbe &#8211; lilac ist doch auch sch\u00f6n &#8211; den will ich haben!&#8220;<\/p>\n\n\n\n<p>Eigentlich heisse ich ja &#8222;Othello von der Wupper&#8220;, bin also &#8222;von Adel&#8220;. Othello wurde ich genannt, weil ich gerne viel geredet habe. Meine Dosen\u00f6ffner haben lange \u00fcberlegt, dann aber gemeint, dass Balu doch viel besser zu mir passt. Und mir ist das auch recht. Hauptsache es gibt genug Futter!<\/p>\n\n\n\n<p>Meine Z\u00fcchterin hat mich zu meinen Dosis gebracht. Nachdem der Katzenkorb ge\u00f6ffnet wurde, bin ich gleich raus, Schwanz in die H\u00f6he und ab durch die Bude. Nach dem Motto. &#8222;Das ist jetzt alles meins.&#8220; Nur diese bl\u00f6de Ziege, die Minka mochte mich nicht. Die wollte einfach nur ihre Ruhe haben. So nach und nach haben wir uns aber aneinander gew\u00f6hnt. Und da ich immer noch so ein lieber Kerl bin, bin ich auch der einzige von uns Katern, der in Minkas Bude darf.<\/p>\n\n\n\n<p>Leider mussten wir Balu heute \u00fcber die Regenbogenbr\u00fccke gehen lassen. Er ist \u00fcber 13 Jahre alt geworden.<\/p>\n","protected":false},"excerpt":{"rendered":"<p>Hallo, ich bin Balu Man nennt mich auch den Dicken &#8211; wie die wohl alle darauf kommen&#8230; Ich bin am 03.06.2005 geboren. Mein Dosen\u00f6ffner wollte schon immer so einen wie mich, also einen British Kurzhaar-Kater. Meine Dosine hatte sich im Internet einen ausgesucht. Sie fand meinen Bruder &#8211; in blau &#8211; so toll. Aber dann [&hellip;]<\/p>\n","protected":false},"author":2,"featured_media":0,"parent":21,"menu_order":0,"comment_status":"closed","ping_status":"closed","template":"wp-custom-template-monika","meta":{"ngg_post_thumbnail":0,"footnotes":""},"_links":{"self":[{"href":"https:\/\/www.mau-wuff-blubb.de\/wordpress\/wp-json\/wp\/v2\/pages\/41"}],"collection":[{"href":"https:\/\/www.mau-wuff-blubb.de\/wordpress\/wp-json\/wp\/v2\/pages"}],"about":[{"href":"https:\/\/www.mau-wuff-blubb.de\/wordpress\/wp-json\/wp\/v2\/types\/page"}],"author":[{"embeddable":true,"href":"https:\/\/www.mau-wuff-blubb.de\/wordpress\/wp-json\/wp\/v2\/users\/2"}],"replies":[{"embeddable":true,"href":"https:\/\/www.mau-wuff-blubb.de\/wordpress\/wp-json\/wp\/v2\/comments?post=41"}],"version-history":[{"count":10,"href":"https:\/\/www.mau-wuff-blubb.de\/wordpress\/wp-json\/wp\/v2\/pages\/41\/revisions"}],"predecessor-version":[{"id":1838,"href":"https:\/\/www.mau-wuff-blubb.de\/wordpress\/wp-json\/wp\/v2\/pages\/41\/revisions\/1838"}],"up":[{"embeddable":true,"href":"https:\/\/www.mau-wuff-blubb.de\/wordpress\/wp-json\/wp\/v2\/pages\/21"}],"wp:attachment":[{"href":"https:\/\/www.mau-wuff-blubb.de\/wordpress\/wp-json\/wp\/v2\/media?parent=41"}],"curies":[{"name":"wp","href":"https:\/\/api.w.org\/{rel}","templated":true}]}}