{"id":307,"date":"2013-08-18T22:30:52","date_gmt":"2013-08-18T20:30:52","guid":{"rendered":"http:\/\/www.mau-wuff-blubb.de\/wordpress\/?page_id=307"},"modified":"2013-08-23T16:53:14","modified_gmt":"2013-08-23T14:53:14","slug":"345-liter-becken","status":"publish","type":"page","link":"https:\/\/www.mau-wuff-blubb.de\/wordpress\/blubb-2\/345-liter-becken\/","title":{"rendered":"345-Liter-Becken"},"content":{"rendered":"<p align=\"justify\">Die Aquaristik ist wie eine Krankheit &#8211; Sie ist h\u00f6chst ansteckend. Jedenfalls schon 1,5 Monate sp\u00e4ter hat mein Partner ein eigenes Becken aufgestellt. Er hat sich ein etwas gr\u00f6\u00dferes Becken gebraucht gekauft. Dort wurden Amanogarnelen, Panzerwelse, Schmuckslamler und zwei Skalare gehalten. Einer der Skalare hatte bereits, als wir ihn \u00fcbernommen haben, eine Verletzung am Maul. Diese hat dazu gef\u00fchrt, dass er nicht mehr richtig fressen konnte. Schlie\u00dflich waren wir mit ihm bei einem Fachtierarzt f\u00fcr Fische und dieser hat in eingeschl\u00e4fert. Der andere Skalar ist, kurz bevor er ins neue Becken umgesiedelt werden sollte, gegen den Filter geschwommen und lag kurze Zeit sp\u00e4ter tot am Boden. Wir haben nach den Erfahrungen beschlossen, vorerst keine Skalare mehr zu halten.<\/p>\n<p>Das Becken wurde, da es Risse zeigte, am 08.07.2013 stillgelegt.<\/p>\n","protected":false},"excerpt":{"rendered":"<p>Die Aquaristik ist wie eine Krankheit &#8211; Sie ist h\u00f6chst ansteckend. Jedenfalls schon 1,5 Monate sp\u00e4ter hat mein Partner ein eigenes Becken aufgestellt. Er hat sich ein etwas gr\u00f6\u00dferes Becken gebraucht gekauft. Dort wurden Amanogarnelen, Panzerwelse, Schmuckslamler und zwei Skalare gehalten. Einer der Skalare hatte bereits, als wir ihn \u00fcbernommen haben, eine Verletzung am Maul. [&hellip;]<\/p>\n","protected":false},"author":2,"featured_media":0,"parent":29,"menu_order":0,"comment_status":"closed","ping_status":"closed","template":"sidebar-page.php","meta":{"ngg_post_thumbnail":0,"footnotes":""},"_links":{"self":[{"href":"https:\/\/www.mau-wuff-blubb.de\/wordpress\/wp-json\/wp\/v2\/pages\/307"}],"collection":[{"href":"https:\/\/www.mau-wuff-blubb.de\/wordpress\/wp-json\/wp\/v2\/pages"}],"about":[{"href":"https:\/\/www.mau-wuff-blubb.de\/wordpress\/wp-json\/wp\/v2\/types\/page"}],"author":[{"embeddable":true,"href":"https:\/\/www.mau-wuff-blubb.de\/wordpress\/wp-json\/wp\/v2\/users\/2"}],"replies":[{"embeddable":true,"href":"https:\/\/www.mau-wuff-blubb.de\/wordpress\/wp-json\/wp\/v2\/comments?post=307"}],"version-history":[{"count":3,"href":"https:\/\/www.mau-wuff-blubb.de\/wordpress\/wp-json\/wp\/v2\/pages\/307\/revisions"}],"predecessor-version":[{"id":313,"href":"https:\/\/www.mau-wuff-blubb.de\/wordpress\/wp-json\/wp\/v2\/pages\/307\/revisions\/313"}],"up":[{"embeddable":true,"href":"https:\/\/www.mau-wuff-blubb.de\/wordpress\/wp-json\/wp\/v2\/pages\/29"}],"wp:attachment":[{"href":"https:\/\/www.mau-wuff-blubb.de\/wordpress\/wp-json\/wp\/v2\/media?parent=307"}],"curies":[{"name":"wp","href":"https:\/\/api.w.org\/{rel}","templated":true}]}}