{"id":23,"date":"2013-05-27T22:16:11","date_gmt":"2013-05-27T20:16:11","guid":{"rendered":"http:\/\/www.mau-wuff-blubb.de\/wordpress\/?page_id=23"},"modified":"2015-10-27T19:37:20","modified_gmt":"2015-10-27T18:37:20","slug":"wuff","status":"publish","type":"page","link":"https:\/\/www.mau-wuff-blubb.de\/wordpress\/wuff\/","title":{"rendered":"Wuff"},"content":{"rendered":"<p>Hallo,<\/p>\n<p style=\"text-align: justify;\">Ich wollte immer schon einen Hund! Aber immer hat es irgendwie nicht gepasst. Schlie\u00dflich im Jahr 2005 mu\u00dfte es sein! Ich hatte mich entschieden, keinen Welpen zu nehmen. Der Hund sollte schon aus dem gr\u00f6bsten raus sein. Somit hatte ich es als Anf\u00e4nger leichter. Auch alleine bleiben konnte er schon. Mit Unterst\u00fctzung von einem Gassigeher, der mittags eine Runde mit Hugo gedreht hat, lie\u00df sich auch Arbeit und Hund gut vereinbaren.<\/p>\n<p style=\"text-align: justify;\">Hugo kannte am Anfang nicht viel. Aber mit der Zeit wurde er immer mutiger. Ich glaube, auch das <a title=\"Hugo lernt Wagenziehen\" href=\"https:\/\/www.mau-wuff-blubb.de\/wordpress\/wuff\/hugo\/hugo-lernt-wagenziehen\/\">Wagenziehen <\/a>hat ihm gut getan. Er hat dadurch viel Selbstvertrauen bekommen.<\/p>\n<p style=\"text-align: justify;\">Nur bei unseren Samtpfoten hat er nichts zu sagen. Die haben ihn voll im Griff.<\/p>\n<p style=\"text-align: justify;\">Seit Anfang Juli 2015 hat Hugo nun Gesellschaft bekommen. Einstein ist mit 7 Monaten zu uns gezogen. &#8211; Diesmal auch keinen Welpen, aber schon nah dran.<\/p>\n","protected":false},"excerpt":{"rendered":"<p>Hallo, Ich wollte immer schon einen Hund! Aber immer hat es irgendwie nicht gepasst. Schlie\u00dflich im Jahr 2005 mu\u00dfte es sein! Ich hatte mich entschieden, keinen Welpen zu nehmen. Der Hund sollte schon aus dem gr\u00f6bsten raus sein. Somit hatte ich es als Anf\u00e4nger leichter. Auch alleine bleiben konnte er schon. Mit Unterst\u00fctzung von einem [&hellip;]<\/p>\n","protected":false},"author":2,"featured_media":0,"parent":0,"menu_order":0,"comment_status":"closed","ping_status":"closed","template":"","meta":{"ngg_post_thumbnail":0,"footnotes":""},"_links":{"self":[{"href":"https:\/\/www.mau-wuff-blubb.de\/wordpress\/wp-json\/wp\/v2\/pages\/23"}],"collection":[{"href":"https:\/\/www.mau-wuff-blubb.de\/wordpress\/wp-json\/wp\/v2\/pages"}],"about":[{"href":"https:\/\/www.mau-wuff-blubb.de\/wordpress\/wp-json\/wp\/v2\/types\/page"}],"author":[{"embeddable":true,"href":"https:\/\/www.mau-wuff-blubb.de\/wordpress\/wp-json\/wp\/v2\/users\/2"}],"replies":[{"embeddable":true,"href":"https:\/\/www.mau-wuff-blubb.de\/wordpress\/wp-json\/wp\/v2\/comments?post=23"}],"version-history":[{"count":11,"href":"https:\/\/www.mau-wuff-blubb.de\/wordpress\/wp-json\/wp\/v2\/pages\/23\/revisions"}],"predecessor-version":[{"id":1145,"href":"https:\/\/www.mau-wuff-blubb.de\/wordpress\/wp-json\/wp\/v2\/pages\/23\/revisions\/1145"}],"wp:attachment":[{"href":"https:\/\/www.mau-wuff-blubb.de\/wordpress\/wp-json\/wp\/v2\/media?parent=23"}],"curies":[{"name":"wp","href":"https:\/\/api.w.org\/{rel}","templated":true}]}}